{"id":3,"date":"2020-06-22T10:23:36","date_gmt":"2020-06-22T08:23:36","guid":{"rendered":"https:\/\/quality.shop.letrefle.ch\/?page_id=3"},"modified":"2021-01-19T19:49:14","modified_gmt":"2021-01-19T18:49:14","slug":"politique-de-confidentialite","status":"publish","type":"page","link":"https:\/\/quality.shop.letrefle.ch\/en\/politique-de-confidentialite\/","title":{"rendered":"Privacy policy"},"content":{"rendered":"<p>[et_pb_section fb_built=\u00a0\u00bb1&Prime; _builder_version=\u00a0\u00bb4.6.5&Prime; _module_preset=\u00a0\u00bbdefault\u00a0\u00bb background_image=\u00a0\u00bbhttps:\/\/quality.shop.letrefle.ch\/wp-content\/uploads\/2020\/08\/lock-2.jpg\u00a0\u00bb min_height=\u00a0\u00bb250px\u00a0\u00bb min_height_tablet=\u00a0\u00bb198px\u00a0\u00bb min_height_phone=\u00a0\u00bb100px\u00a0\u00bb min_height_last_edited=\u00a0\u00bbon|desktop\u00a0\u00bb][et_pb_row custom_padding_last_edited=\u00a0\u00bbon|desktop\u00a0\u00bb _builder_version=\u00a0\u00bb4.6.5&Prime; _module_preset=\u00a0\u00bbdefault\u00a0\u00bb background_enable_color=\u00a0\u00bboff\u00a0\u00bb positioning=\u00a0\u00bbabsolute\u00a0\u00bb position_origin_a=\u00a0\u00bbbottom_center\u00a0\u00bb max_width=\u00a0\u00bb768px\u00a0\u00bb custom_padding=\u00a0\u00bb2rem|2rem|2rem|2rem|true|true\u00a0\u00bb custom_padding_tablet=\u00a0\u00bb2rem|1rem|2rem|1rem|true|true\u00a0\u00bb custom_padding_phone=\u00a0\u00bb0rem|0px|0rem|0px|true|true\u00a0\u00bb][et_pb_column type=\u00a0\u00bb4_4&Prime; _builder_version=\u00a0\u00bb4.6.5&Prime; _module_preset=\u00a0\u00bbdefault\u00a0\u00bb][et_pb_text _builder_version=\u00a0\u00bb4.6.5&Prime; _module_preset=\u00a0\u00bbdefault\u00a0\u00bb header_text_color=\u00a0\u00bb#fff\u00a0\u00bb custom_padding=\u00a0\u00bb|2rem||2rem|false|true\u00a0\u00bb]<\/p>\n<h1>Privacy policy<\/h1>\n<p>[\/et_pb_text][\/et_pb_column][\/et_pb_row][\/et_pb_section][et_pb_section fb_built=\u00a0\u00bb1&Prime; _builder_version=\u00a0\u00bb4.6.5&Prime; _module_preset=\u00a0\u00bbdefault\u00a0\u00bb background_color=\u00a0\u00bb#e8e8e8&Prime; background_enable_color=\u00a0\u00bbon\u00a0\u00bb background_enable_image=\u00a0\u00bboff\u00a0\u00bb height_phone=\u00a0\u00bb160px\u00a0\u00bb height_last_edited=\u00a0\u00bboff|tablet\u00a0\u00bb animation_direction=\u00a0\u00bbbottom\u00a0\u00bb][et_pb_row custom_padding_last_edited=\u00a0\u00bbon|phone\u00a0\u00bb _builder_version=\u00a0\u00bb4.6.6&Prime; _module_preset=\u00a0\u00bbdefault\u00a0\u00bb background_enable_color=\u00a0\u00bboff\u00a0\u00bb max_width=\u00a0\u00bb768px\u00a0\u00bb custom_padding=\u00a0\u00bb3rem|0rem|3rem|0rem|true|true\u00a0\u00bb custom_padding_tablet=\u00a0\u00bb0rem|0rem|0rem|0rem|true|true\u00a0\u00bb custom_padding_phone=\u00a0\u00bb0rem|0px|0rem|0px|true|true\u00a0\u00bb][et_pb_column type=\u00a0\u00bb4_4&Prime; _builder_version=\u00a0\u00bb4.5.5&Prime; _module_preset=\u00a0\u00bbdefault\u00a0\u00bb][et_pb_accordion open_toggle_text_color=\u00a0\u00bb#77b593&Prime; open_toggle_background_color=\u00a0\u00bb#fff\u00a0\u00bb closed_toggle_background_color=\u00a0\u00bbrgba(0,0,0,0)\u00a0\u00bb _builder_version=\u00a0\u00bb4.8.0&Prime; _module_preset=\u00a0\u00bbdefault\u00a0\u00bb body_font=\u00a0\u00bbKarla||||||||\u00a0\u00bb body_font_size=\u00a0\u00bb14px\u00a0\u00bb body_line_height=\u00a0\u00bb1.3em\u00a0\u00bb background_enable_color=\u00a0\u00bboff\u00a0\u00bb text_orientation=\u00a0\u00bbleft\u00a0\u00bb custom_margin=\u00a0\u00bb||||false|false\u00a0\u00bb custom_padding=\u00a0\u00bb|15px||15px|false|true\u00a0\u00bb custom_padding_phone=\u00a0\u00bb|1rem||1rem|false|true\u00a0\u00bb custom_padding_last_edited=\u00a0\u00bboff|desktop\u00a0\u00bb animation_style=\u00a0\u00bbfade\u00a0\u00bb hover_enabled=\u00a0\u00bb0&Prime; custom_css_toggle_title=\u00a0\u00bbmargin-left:1rem;||\u00a0\u00bb border_radii=\u00a0\u00bbon|4px|4px|4px|4px\u00a0\u00bb border_width_all=\u00a0\u00bb0px\u00a0\u00bb sticky_enabled=\u00a0\u00bb0&Prime;][et_pb_accordion_item title=\u00a0\u00bb1 ) RENSEIGNEMENTS G\u00c9N\u00c9RAUX\u00a0\u00bb open=\u00a0\u00bbon\u00a0\u00bb _builder_version=\u00a0\u00bb4.6.6&Prime; _module_preset=\u00a0\u00bbdefault\u00a0\u00bb body_ul_position=\u00a0\u00bbinside\u00a0\u00bb custom_padding=\u00a0\u00bb2rem|2rem|2rem|2rem|true|true\u00a0\u00bb toggle_font_size=\u00a0\u00bb16px\u00a0\u00bb]<\/p>\n<h4><span>Data protection<\/span><\/h4>\n<p><span>With the development of new communication tools, it is necessary to pay particular attention to the protection of privacy. That's why we're committed to respecting the privacy of the personal information we collect. <\/span><\/p>\n<p class=\" translation-block\">As a local company offering its services on Swiss territory we comply with the Federal Data Protection Act(<a href=\"https:\/\/www.admin.ch\/opc\/en\/classified-compilation\/19920153\/index.html\" target=\"_self\" rel=\"noopener noreferrer\">LPD<\/a>), and we also make every effort to comply with European Union (<a href=\"https:\/\/en.wikipedia.org\/wiki\/General_Data_Protection_Regulation\" target=\"_self\" rel=\"noopener noreferrer\">RGPD<\/a>) regulations.<\/p>\n<p>&nbsp;<\/p>\n<h4><span>Who is responsible for data collection?<\/span><\/h4>\n<p>The organization in charge of this website under the Data Protection Act is<\/p>\n<p><strong>Association Le Tr\u00e8fle<\/strong><br \/> Rue du Vuache 1<br \/> 1201 GENEVA<\/p>\n<p>The address of our website is: <a href=\"https:\/\/quality.shop.letrefle.ch\/en\/\">https:\/\/quality.shop.letrefle.ch<\/a>.<\/p>\n<p>Our contact email is: \u00a0info@letrefle.ch<\/p>\n<p>[\/et_pb_accordion_item][et_pb_accordion_item title=\u00a0\u00bb2 ) COLLECTE DES DONN\u00c9ES SUR NOTRE SITE\u00a0\u00bb _builder_version=\u00a0\u00bb4.6.5&Prime; _module_preset=\u00a0\u00bbdefault\u00a0\u00bb open=\u00a0\u00bboff\u00a0\u00bb]<\/p>\n<h4>What data is collected?<\/h4>\n<p>We collect the following information:<\/p>\n<p>&nbsp;<\/p>\n<div class=\"paragraph\">\n<p class=\"wsite-content-title\"><span style=\"text-decoration: underline;\"><strong>Personal Data<\/strong><\/span><\/p>\n<div class=\"paragraph\">\n<ul>\n<li>Name<\/li>\n<li>First Name<\/li>\n<li>E-mail address<\/li>\n<li>Postal address<\/li>\n<li>Phone number<\/li>\n<\/ul>\n<p>&nbsp;<\/p>\n<\/div>\n<p><span style=\"text-decoration: underline;\"><strong>Used data<\/strong><\/span><\/p>\n<ul>\n<li>Products consulted<\/li>\n<li>Location, IP address and browser type<\/li>\n<li>Delivery address<\/li>\n<\/ul>\n<p>&nbsp;<\/p>\n<p><span style=\"text-decoration: underline;\"><b>Cookies and tracking data<\/b><\/span><\/p>\n<p>We use cookies to track the contents of the shopping cart while you browse our site.<\/p>\n<p>If you submit a comment on our website, you will be offered to register your name, email address and website in cookies. This is for your convenience to save you from having to enter this information every time that you submit a comment. These cookies expire after one year.<\/p>\n<p>If you go to the login page, a temporary cookie will be created to determine if your browser accepts cookies. It does not contain personal data and will be deleted automatically when your browser closes.<\/p>\n<p>When you log in, we will set up several cookies to record your login information and screen preferences. The lifespan of a connection cookie is two days, the screen option cookie is one year. If you check \"Remember Me,\" your login cookie will be kept for two weeks. If you log out of your account, the login cookie will be deleted.<\/p>\n<p>By modifying or publishing a post, an additional cookie will be saved in your browser. This cookie does not include any personal data. It simply shows the ID of the post you just changed. It expires after one day.<\/p>\n<p>&nbsp;<\/p>\n<h5>How do we collect your data?<\/h5>\n<p>Your personal information is collected through a form:<br \/> <span><\/span><\/p>\n<ul>\n<li>Website registration form<\/li>\n<li>Order form<\/li>\n<li>Statistics<\/li>\n<li>Contact<\/li>\n<li>Payment<\/li>\n<\/ul>\n<p><strong>This data is not transmitted or resold to third parties.<\/strong><\/p>\n<\/div>\n<p>[\/et_pb_accordion_item][et_pb_accordion_item title=\u00a0\u00bb3 ) UTILISATION DES INFORMATIONS\u00a0\u00bb _builder_version=\u00a0\u00bb4.8.0&Prime; _module_preset=\u00a0\u00bbdefault\u00a0\u00bb hover_enabled=\u00a0\u00bb0&Prime; open=\u00a0\u00bboff\u00a0\u00bb sticky_enabled=\u00a0\u00bb0&Prime;]<\/p>\n<p class=\"wsite-content-title\"><strong><span style=\"text-decoration: underline;\">Creating an account<\/span><\/strong><\/p>\n<p class=\"wsite-content-title\">If you create an account, we store your name, address, email, and phone number, which will be used to prefill order validation for future orders.<br \/> <span style=\"text-decoration: underline;\"><\/span><\/p>\n<div class=\"paragraph\">\n<p>We store your information for as long as we need to, for the purpose for which we collect and use the data, and we are not legally obligated to keep the data. For example, we store order information for 30 months for taxes and accounting. This includes your name, email address and billing and delivery addresses.\nWe also store comments or reviews, if you choose to send them.<\/p>\n<p><strong>We also store comments or reviews, if you choose to send them.<\/strong><\/p>\n<p>&nbsp;<\/p>\n<p><strong><span style=\"text-decoration: underline;\">Using the online store<\/span><\/strong><\/p>\n<p>When you purchase from our website, you will be asked to provide information including your name, billing address, delivery address, email address, phone number, payment\/credit card data and possibly account data such as ID and password. The information needed to order is used exclusively for your purchase. Payment transactions are processed using Saferpay security technology. Your credit card data is transmitted directly to Saferpay and is not registered by Association \u201cLe Tr\u00e8fle\u201d.<\/p>\n<p><span><strong>Saferpay<\/strong> by SIX Payment <\/span><a href=\"https:\/\/www.sellxed.com\/shop\/en\/eur\/wordpress-woocommerce-saferpay-zahlungs-plugin.html\">www.sellxed.com\/shop<\/a><\/p>\n<p>This information will be used to:<\/p>\n<ul>\n<li>Send information about your account and ordering<\/li>\n<li>Responding to requests, including refunds and complaints<\/li>\n<li>Payment processing and fraud prevention<\/li>\n<li>Set up your account for our shop<\/li>\n<li>Comply with any legal obligation, such as the calculation of taxes<\/li>\n<li>Improve our shop's offerings<\/li>\n<li>Send you marketing messages, if you choose to receive them<\/li>\n<\/ul>\n<p>&nbsp;<\/p>\n<p><strong><span style=\"text-decoration: underline;\">Comments<\/span><\/strong><\/p>\n<p>When you leave a comment on our website, the data in the comment form, as well as your IP address and your browser user agent are collected to help us detect unwanted comments.<\/p>\n<p>An anonymized chain created from your email address (also called hash) can be sent to the Gravatar service to check if you are using the email address. The confidentiality clauses of the Gravatar service are available here: https:\/\/automattic.com\/privacy\/. After validating your comment, your profile picture will be publicly visible next to your comment.<\/p>\n<p>&nbsp;<\/p>\n<h5>TRANSMISSION OF YOUR DATA<\/h5>\n<p>Visitor feedback can be verified using an automated unwanted comment detection service.<\/p>\n<p>&nbsp;<\/p>\n<h5>ACCESS TO DATA<\/h5>\n<p>Our team members have access to the information you provide us. For example, shop administrators and managers have access to:<\/p>\n<ul>\n<li>Order information such as what was purchased, when and where it should be sent, and<\/li>\n<li>Customer information such as your name, email address and billing and delivery information.<\/li>\n<\/ul>\n<p><strong>Our team has access to this information to process orders, make refunds and help you.<\/strong><\/p>\n<\/div>\n<p>[\/et_pb_accordion_item][et_pb_accordion_item title=\u00a0\u00bb4 ) SERVICES TIERS\u00a0\u00bb _builder_version=\u00a0\u00bb4.6.5&Prime; _module_preset=\u00a0\u00bbdefault\u00a0\u00bb open=\u00a0\u00bboff\u00a0\u00bb]<\/p>\n<p class=\"wsite-content-title\"><strong><span style=\"text-decoration: underline;\">Hosting<\/span><\/strong><\/p>\n<div class=\"paragraph\">\n<p>Our website is hosted by the infomaniak online tool\u00a0<a href=\"https:\/\/www.infomaniak.com\/en\/legal\/confidentiality-policy\">https:\/\/www.infomaniak.com\/en\/legal\/confidentiality-policy<\/a><\/p>\n<p>&nbsp;<\/p>\n<\/div>\n<p><strong><span style=\"text-decoration: underline;\">Newsletter<\/span><\/strong><\/p>\n<p><strong><br \/> <\/strong>Our newsletter allows us to send you information and offers. You can revoke your registration at any time, either by clicking on the link provided for this purpose and inserted in each of our newsletters at the bottom of the message, or by contacting us.<\/p>\n<p><strong><\/strong><\/p>\n<p><span style=\"text-decoration: underline;\"><strong>Woocommerce<\/strong><\/span><\/p>\n<p>More information here\u00a0<a href=\"https:\/\/woocommerce.com\/gdpr\/\">www.woocommerce.com\/gdpr<\/a><\/p>\n<p>&nbsp;<\/p>\n<p><span style=\"text-decoration: underline;\"><strong>SaferPay<\/strong><\/span><\/p>\n<p class=\" translation-block\"><span>If you have opted for credit card payment, the payment is made through  <strong>Saferpay,\u00a0<\/strong><\/span><span>an online payment platform run by <em>SIX Payment Services<\/em>\u00a0(Zurich, Switzerland). <\/span><span>It is based on an interface that supports all current payment methods. <\/span><span>Saferpay meets standard security standards in the field, including the Payment Card Industry Data Security Standard (PCI DSS).<\/span><br> <span>More information is provided in SIX's Privacy Statement at:\u00a0<\/span><a target=\"_self\" class=\"c-link\" data-stringify-link=\"https:\/\/www.six-payment-services.com\/fr\/services\/legal\/privacy-statement.html#country=ch\" data-sk=\"tooltip_parent\" href=\"https:\/\/www.six-payment-services.com\/en\/services\/legal\/privacy-statement.html#country=ch\" rel=\"noopener noreferrer\" data-et-has-event-already=\"true\">https:\/\/www.six-payment-services.com\/en\/services\/legal\/privacy-statement.html#country=ch<\/a><span>.<\/span><\/p>\n<p><strong><\/strong><\/p>\n<p><span style=\"text-decoration: underline;\"><strong>Other third-party services and content<\/strong><\/span><\/p>\n<p>Our site can integrate third-party content such as YouTube videos, Google Maps, Slideshare presentations, social media sharing buttons or other items.\u2028<br \/> This means that the providers of this content record your IP address or other items. For example, if you are logged into your Google account, access to a page containing a Youtube video may be assigned to your account.<\/p>\n<p>[\/et_pb_accordion_item][et_pb_accordion_item title=\u00a0\u00bb5 ) DUR\u00c9E DE STOCKAGE DE VOS DONN\u00c9ES\u00a0\u00bb _builder_version=\u00a0\u00bb4.6.5&Prime; _module_preset=\u00a0\u00bbdefault\u00a0\u00bb open=\u00a0\u00bboff\u00a0\u00bb]<\/p>\n<div class=\"paragraph\">\n<p><span style=\"text-decoration: underline;\"><strong><\/strong><\/span><\/p>\n<p><span style=\"text-decoration: underline;\"><strong>E-mailing<\/strong><\/span><\/p>\n<p>If no interaction takes place (opening, clicking, ..), your data is anonymized for up to 30 months from the last interaction<\/p>\n<p>&nbsp;<\/p>\n<p><span style=\"text-decoration: underline;\"><strong>Data entered in forms<\/strong><\/span><\/p>\n<p>Maximum 30 months<\/p>\n<p>&nbsp;<\/p>\n<p><span style=\"text-decoration: underline;\"><strong>Comments<\/strong><\/span><\/p>\n<p>If you leave a comment, the comment and its metadata are kept indefinitely. This automatically recognizes and approves the following comments instead of leaving them in the moderation queue.<\/p>\n<p>For users who register on our site, we also store (if possible) the personal data shown in their profile. All users can see, edit or delete their personal information at any time (except their username). Site managers can also see and edit this information.<\/p>\n<p>&nbsp;<\/p>\n<h5>YOUR RIGHTS<\/h5>\n<p>If you have an account or have left comments on our website, you can request to receive a file containing all the personal data we have about you, including the data you have provided to us. You can also request the removal of personal data about you. This does not take into account data stored for administrative, legal or security purposes.<\/p>\n<p>&nbsp;<\/p>\n<h5>LEGISLATION<\/h5>\n<p>We are committed to complying with the legislation for Switzerland.<\/p>\n<\/div>\n<p>[\/et_pb_accordion_item][\/et_pb_accordion][\/et_pb_column][\/et_pb_row][\/et_pb_section]<\/p>","protected":false},"excerpt":{"rendered":"<p>Politique de confidentialit\u00e9Protection des donn\u00e9es Devant le d\u00e9veloppement des nouveaux outils de communication, il est n\u00e9cessaire de porter une attention particuli\u00e8re \u00e0 la protection de la vie priv\u00e9e. C&rsquo;est pourquoi, nous nous engageons \u00e0 respecter la confidentialit\u00e9 des renseignements personnels que nous collectons. En tant qu&rsquo;entreprise locale proposant ses services sur le territoire suisse nous [&hellip;]<\/p>","protected":false},"author":1,"featured_media":30790,"parent":0,"menu_order":0,"comment_status":"closed","ping_status":"closed","template":"","meta":{"_et_pb_use_builder":"on","_et_pb_old_content":"<!-- wp:heading --><h2>Who we are<\/h2><!-- \/wp:heading --><!-- wp:paragraph --><p>Our website address is: https:\/\/quality.shop.letrefle.ch.<\/p><!-- \/wp:paragraph --><!-- wp:heading --><h2>What personal data we collect and why we collect it<\/h2><!-- \/wp:heading --><!-- wp:heading {\"level\":3} --><h3>Comments<\/h3><!-- \/wp:heading --><!-- wp:paragraph --><p>When visitors leave comments on the site we collect the data shown in the comments form, and also the visitor&#8217;s IP address and browser user agent string to help spam detection.<\/p><!-- \/wp:paragraph --><!-- wp:paragraph --><p>An anonymized string created from your email address (also called a hash) may be provided to the Gravatar service to see if you are using it. The Gravatar service privacy policy is available here: https:\/\/automattic.com\/privacy\/. After approval of your comment, your profile picture is visible to the public in the context of your comment.<\/p><!-- \/wp:paragraph --><!-- wp:heading {\"level\":3} --><h3>Media<\/h3><!-- \/wp:heading --><!-- wp:paragraph --><p>If you upload images to the website, you should avoid uploading images with embedded location data (EXIF GPS) included. Visitors to the website can download and extract any location data from images on the website.<\/p><!-- \/wp:paragraph --><!-- wp:heading {\"level\":3} --><h3>Contact forms<\/h3><!-- \/wp:heading --><!-- wp:heading {\"level\":3} --><h3>Cookies<\/h3><!-- \/wp:heading --><!-- wp:paragraph --><p>If you leave a comment on our site you may opt-in to saving your name, email address and website in cookies. These are for your convenience so that you do not have to fill in your details again when you leave another comment. These cookies will last for one year.<\/p><!-- \/wp:paragraph --><!-- wp:paragraph --><p>If you visit our login page, we will set a temporary cookie to determine if your browser accepts cookies. This cookie contains no personal data and is discarded when you close your browser.<\/p><!-- \/wp:paragraph --><!-- wp:paragraph --><p>When you log in, we will also set up several cookies to save your login information and your screen display choices. Login cookies last for two days, and screen options cookies last for a year. If you select &quot;Remember Me&quot;, your login will persist for two weeks. If you log out of your account, the login cookies will be removed.<\/p><!-- \/wp:paragraph --><!-- wp:paragraph --><p>If you edit or publish an article, an additional cookie will be saved in your browser. This cookie includes no personal data and simply indicates the post ID of the article you just edited. It expires after 1 day.<\/p><!-- \/wp:paragraph --><!-- wp:heading {\"level\":3} --><h3>Embedded content from other websites<\/h3><!-- \/wp:heading --><!-- wp:paragraph --><p>Articles on this site may include embedded content (e.g. videos, images, articles, etc.). Embedded content from other websites behaves in the exact same way as if the visitor has visited the other website.<\/p><!-- \/wp:paragraph --><!-- wp:paragraph --><p>These websites may collect data about you, use cookies, embed additional third-party tracking, and monitor your interaction with that embedded content, including tracking your interaction with the embedded content if you have an account and are logged in to that website.<\/p><!-- \/wp:paragraph --><!-- wp:heading {\"level\":3} --><h3>Analytics<\/h3><!-- \/wp:heading --><!-- wp:heading --><h2>Who we share your data with<\/h2><!-- \/wp:heading --><!-- wp:heading --><h2>How long we retain your data<\/h2><!-- \/wp:heading --><!-- wp:paragraph --><p>If you leave a comment, the comment and its metadata are retained indefinitely. This is so we can recognize and approve any follow-up comments automatically instead of holding them in a moderation queue.<\/p><!-- \/wp:paragraph --><!-- wp:paragraph --><p>For users that register on our website (if any), we also store the personal information they provide in their user profile. All users can see, edit, or delete their personal information at any time (except they cannot change their username). Website administrators can also see and edit that information.<\/p><!-- \/wp:paragraph --><!-- wp:heading --><h2>What rights you have over your data<\/h2><!-- \/wp:heading --><!-- wp:paragraph --><p>If you have an account on this site, or have left comments, you can request to receive an exported file of the personal data we hold about you, including any data you have provided to us. You can also request that we erase any personal data we hold about you. This does not include any data we are obliged to keep for administrative, legal, or security purposes.<\/p><!-- \/wp:paragraph --><!-- wp:heading --><h2>Where we send your data<\/h2><!-- \/wp:heading --><!-- wp:paragraph --><p>Visitor comments may be checked through an automated spam detection service.<\/p><!-- \/wp:paragraph --><!-- wp:heading --><h2>Your contact information<\/h2><!-- \/wp:heading --><!-- wp:heading --><h2>Additional information<\/h2><!-- \/wp:heading --><!-- wp:heading {\"level\":3} --><h3>How we protect your data<\/h3><!-- \/wp:heading --><!-- wp:heading {\"level\":3} --><h3>What data breach procedures we have in place<\/h3><!-- \/wp:heading --><!-- wp:heading {\"level\":3} --><h3>What third parties we receive data from<\/h3><!-- \/wp:heading --><!-- wp:heading {\"level\":3} --><h3>What automated decision making and\/or profiling we do with user data<\/h3><!-- \/wp:heading --><!-- wp:heading {\"level\":3} --><h3>Industry regulatory disclosure requirements<\/h3><!-- \/wp:heading -->","_et_gb_content_width":"","footnotes":""},"_links":{"self":[{"href":"https:\/\/quality.shop.letrefle.ch\/en\/wp-json\/wp\/v2\/pages\/3"}],"collection":[{"href":"https:\/\/quality.shop.letrefle.ch\/en\/wp-json\/wp\/v2\/pages"}],"about":[{"href":"https:\/\/quality.shop.letrefle.ch\/en\/wp-json\/wp\/v2\/types\/page"}],"author":[{"embeddable":true,"href":"https:\/\/quality.shop.letrefle.ch\/en\/wp-json\/wp\/v2\/users\/1"}],"replies":[{"embeddable":true,"href":"https:\/\/quality.shop.letrefle.ch\/en\/wp-json\/wp\/v2\/comments?post=3"}],"version-history":[{"count":0,"href":"https:\/\/quality.shop.letrefle.ch\/en\/wp-json\/wp\/v2\/pages\/3\/revisions"}],"wp:featuredmedia":[{"embeddable":true,"href":"https:\/\/quality.shop.letrefle.ch\/en\/wp-json\/wp\/v2\/media\/30790"}],"wp:attachment":[{"href":"https:\/\/quality.shop.letrefle.ch\/en\/wp-json\/wp\/v2\/media?parent=3"}],"curies":[{"name":"wp","href":"https:\/\/api.w.org\/{rel}","templated":true}]}}